{"id":572,"date":"2018-12-11T16:11:05","date_gmt":"2018-12-11T16:11:05","guid":{"rendered":"https:\/\/www.brunobernardi.com\/?post_type=product&#038;p=572"},"modified":"2018-12-17T19:21:07","modified_gmt":"2018-12-17T19:21:07","slug":"como-inglese-xix-secolo","status":"publish","type":"product","link":"https:\/\/www.brunobernardi.com\/en\/shop\/arredamento\/mobili\/como-inglese-xix-secolo\/","title":{"rendered":"Com\u00f2 Inglese XIX Secolo"},"content":{"rendered":"<p>Com\u00f2 inglese del XIX secolo (seconda met\u00e0 del 1800).<\/p>\n<p>Questo bellissimo com\u00f2 inglese \u00e8 stato realizzato in noce e presenta quattro cassetti: il primo in alto \u00e8 a segreto mentre tutti gli altri sono a chiusura con la chiave.<\/p>\n<p><em><strong>Misure: 110 x 100 x 60\u00a0<\/strong><\/em><\/p>\n","protected":false},"excerpt":{"rendered":"<p>Com\u00f2 inglese del XIX secolo (seconda met\u00e0 del 1800).<\/p>\n","protected":false},"featured_media":573,"template":"","meta":[],"acf":[],"_links":{"self":[{"href":"https:\/\/www.brunobernardi.com\/en\/wp-json\/wp\/v2\/product\/572"}],"collection":[{"href":"https:\/\/www.brunobernardi.com\/en\/wp-json\/wp\/v2\/product"}],"about":[{"href":"https:\/\/www.brunobernardi.com\/en\/wp-json\/wp\/v2\/types\/product"}],"wp:featuredmedia":[{"embeddable":true,"href":"https:\/\/www.brunobernardi.com\/en\/wp-json\/wp\/v2\/media\/573"}],"wp:attachment":[{"href":"https:\/\/www.brunobernardi.com\/en\/wp-json\/wp\/v2\/media?parent=572"}],"curies":[{"name":"wp","href":"https:\/\/api.w.org\/{rel}","templated":true}]}}