{"id":457,"date":"2018-12-07T15:56:39","date_gmt":"2018-12-07T15:56:39","guid":{"rendered":"https:\/\/www.brunobernardi.com\/?post_type=product&#038;p=457"},"modified":"2018-12-17T21:06:48","modified_gmt":"2018-12-17T21:06:48","slug":"como-quattro-cassetti","status":"publish","type":"product","link":"https:\/\/www.brunobernardi.com\/en\/shop\/arredamento\/mobili\/como-quattro-cassetti\/","title":{"rendered":"Com\u00f2 a Quattro Cassetti"},"content":{"rendered":"<p>Com\u00f2 a quattro cassetti realizzato in Umbria nel 1600 con fronte intarsiato e maniglie in bronzo.<\/p>\n<p>Il fronte del com\u00f2 \u00e8 intarsiato in legni policromi e presenta delle maniglie in bronzo, la fascia sul fondo del mobile invece, \u00e8 intagliata con motivi di putti e festoni floreali.<\/p>\n<p>Le serrature sono a blocco e la particolarit\u00e0 sta nel fatto che, quando si chiude il quarto cassetto viene serrato anche il terzo, cos\u00ec come accade per il secondo cassetto , il quale una volta chiuso serra anche il primo.<\/p>\n<p><em><strong>Misure: 107 cm x 137 cm x 63 cm\u00a0<\/strong><\/em><\/p>\n","protected":false},"excerpt":{"rendered":"<p>Com\u00f2 a quattro cassetti realizzato in Umbria nel 1600 con fronte intarsiato e maniglie in bronzo.<\/p>\n","protected":false},"featured_media":458,"template":"","meta":[],"acf":[],"_links":{"self":[{"href":"https:\/\/www.brunobernardi.com\/en\/wp-json\/wp\/v2\/product\/457"}],"collection":[{"href":"https:\/\/www.brunobernardi.com\/en\/wp-json\/wp\/v2\/product"}],"about":[{"href":"https:\/\/www.brunobernardi.com\/en\/wp-json\/wp\/v2\/types\/product"}],"wp:featuredmedia":[{"embeddable":true,"href":"https:\/\/www.brunobernardi.com\/en\/wp-json\/wp\/v2\/media\/458"}],"wp:attachment":[{"href":"https:\/\/www.brunobernardi.com\/en\/wp-json\/wp\/v2\/media?parent=457"}],"curies":[{"name":"wp","href":"https:\/\/api.w.org\/{rel}","templated":true}]}}